{"id":1243,"date":"2025-12-01T18:43:37","date_gmt":"2025-12-01T18:43:37","guid":{"rendered":"https:\/\/abc-etiquetaje.com\/?page_id=1243"},"modified":"2025-12-02T21:36:06","modified_gmt":"2025-12-02T21:36:06","slug":"contruccion","status":"publish","type":"page","link":"https:\/\/abc-etiquetaje.com\/en\/contruccion\/","title":{"rendered":"abc"},"content":{"rendered":"<div data-elementor-type=\"wp-page\" data-elementor-id=\"1243\" class=\"elementor elementor-1243\" data-elementor-post-type=\"page\">\n\t\t\t\t\t\t<section class=\"elementor-section elementor-top-section elementor-element elementor-element-fpq1ogz elementor-section-content-middle elementor-reverse-mobile elementor-section-boxed elementor-section-height-default elementor-section-height-default\" data-id=\"fpq1ogz\" data-element_type=\"section\" data-e-type=\"section\" data-settings=\"{&quot;background_background&quot;:&quot;classic&quot;}\">\n\t\t\t\t\t\t\t<div class=\"elementor-background-overlay\"><\/div>\n\t\t\t\t\t\t\t<div class=\"elementor-container elementor-column-gap-no\">\n\t\t\t\t\t<div class=\"elementor-column elementor-col-50 elementor-top-column elementor-element elementor-element-0c36485 elementor-invisible\" data-id=\"0c36485\" data-element_type=\"column\" data-e-type=\"column\" data-settings=\"{&quot;animation&quot;:&quot;fadeInLeft&quot;}\">\n\t\t\t<div class=\"elementor-widget-wrap elementor-element-populated\">\n\t\t\t\t\t\t<div class=\"elementor-element elementor-element-124b988 elementor-widget elementor-widget-heading\" data-id=\"124b988\" data-element_type=\"widget\" data-e-type=\"widget\" data-widget_type=\"heading.default\">\n\t\t\t\t<div class=\"elementor-widget-container\">\n\t\t\t\t\t<h2 class=\"elementor-heading-title elementor-size-default\">Abc Etiquetaje<\/h2>\t\t\t\t<\/div>\n\t\t\t\t<\/div>\n\t\t\t\t<div class=\"elementor-element elementor-element-de68298 elementor-widget elementor-widget-text-editor\" data-id=\"de68298\" data-element_type=\"widget\" data-e-type=\"widget\" data-widget_type=\"text-editor.default\">\n\t\t\t\t<div class=\"elementor-widget-container\">\n\t\t\t\t\t\t\t\t\t<h3 style=\"text-align: center;\" data-path-to-node=\"5,0\"><b>\u00a1Estamos trabajando para ti!<\/b><\/h3><h3 style=\"text-align: center;\" data-path-to-node=\"5,1\"><b>Actualizaci\u00f3n de nuestra web.<\/b><\/h3><p style=\"text-align: center;\" data-path-to-node=\"5,2\">En breve estaremos online de nuevo. Mientras tanto, puedes contactarnos o seguir nuestras novedades aqu\u00ed:<\/p><ul data-path-to-node=\"5,5\"><li><p data-path-to-node=\"5,5,0,0\"><b>Correo electr\u00f3nico:<\/b> info@abc-etiquetaje.com<\/p><\/li><li><p data-path-to-node=\"5,5,1,0\"><b>Tel\u00e9fono:<\/b> 91 279 52 08<\/p><\/li><\/ul>\t\t\t\t\t\t\t\t<\/div>\n\t\t\t\t<\/div>\n\t\t\t\t\t<\/div>\n\t\t<\/div>\n\t\t\t\t<div class=\"elementor-column elementor-col-50 elementor-top-column elementor-element elementor-element-26fcf8e elementor-invisible\" data-id=\"26fcf8e\" data-element_type=\"column\" data-e-type=\"column\" data-settings=\"{&quot;animation&quot;:&quot;fadeInRight&quot;}\">\n\t\t\t<div class=\"elementor-widget-wrap elementor-element-populated\">\n\t\t\t\t\t\t<div class=\"elementor-element elementor-element-ff4cfca elementor-widget elementor-widget-image\" data-id=\"ff4cfca\" data-element_type=\"widget\" data-e-type=\"widget\" data-widget_type=\"image.default\">\n\t\t\t\t<div class=\"elementor-widget-container\">\n\t\t\t\t\t\t\t\t\t\t\t\t\t\t\t<img fetchpriority=\"high\" decoding=\"async\" width=\"600\" height=\"400\" src=\"https:\/\/abc-etiquetaje.com\/wp-content\/uploads\/2025\/12\/abcetiquetaje-en-construccion.jpg\" class=\"attachment-large size-large wp-image-1246\" alt=\"\" srcset=\"https:\/\/abc-etiquetaje.com\/wp-content\/uploads\/2025\/12\/abcetiquetaje-en-construccion.jpg 600w, https:\/\/abc-etiquetaje.com\/wp-content\/uploads\/2025\/12\/abcetiquetaje-en-construccion-300x200.jpg 300w\" sizes=\"(max-width: 600px) 100vw, 600px\" \/>\t\t\t\t\t\t\t\t\t\t\t\t\t\t\t<\/div>\n\t\t\t\t<\/div>\n\t\t\t\t\t<\/div>\n\t\t<\/div>\n\t\t\t\t\t<\/div>\n\t\t<\/section>\n\t\t\t\t<\/div>","protected":false},"excerpt":{"rendered":"<p>Abc Etiquetaje \u00a1Estamos trabajando para ti! Actualizaci\u00f3n de nuestra web. En breve estaremos online de nuevo. Mientras tanto, puedes contactarnos o seguir nuestras novedades aqu\u00ed: Correo electr\u00f3nico: info@abc-etiquetaje.com Tel\u00e9fono: 91 279 52 08<\/p>","protected":false},"author":1,"featured_media":0,"parent":0,"menu_order":0,"comment_status":"closed","ping_status":"closed","template":"","meta":{"site-sidebar-layout":"no-sidebar","site-content-layout":"page-builder","ast-site-content-layout":"full-width-container","site-content-style":"default","site-sidebar-style":"default","ast-global-header-display":"","ast-banner-title-visibility":"","ast-main-header-display":"","ast-hfb-above-header-display":"","ast-hfb-below-header-display":"","ast-hfb-mobile-header-display":"","site-post-title":"disabled","ast-breadcrumbs-content":"","ast-featured-img":"disabled","footer-sml-layout":"","ast-disable-related-posts":"","theme-transparent-header-meta":"","adv-header-id-meta":"","stick-header-meta":"","header-above-stick-meta":"","header-main-stick-meta":"","header-below-stick-meta":"","astra-migrate-meta-layouts":"set","ast-page-background-enabled":"default","ast-page-background-meta":{"desktop":{"background-color":"","background-image":"","background-repeat":"repeat","background-position":"center center","background-size":"auto","background-attachment":"scroll","background-type":"","background-media":"","overlay-type":"","overlay-color":"","overlay-opacity":"","overlay-gradient":""},"tablet":{"background-color":"","background-image":"","background-repeat":"repeat","background-position":"center center","background-size":"auto","background-attachment":"scroll","background-type":"","background-media":"","overlay-type":"","overlay-color":"","overlay-opacity":"","overlay-gradient":""},"mobile":{"background-color":"","background-image":"","background-repeat":"repeat","background-position":"center center","background-size":"auto","background-attachment":"scroll","background-type":"","background-media":"","overlay-type":"","overlay-color":"","overlay-opacity":"","overlay-gradient":""}},"ast-content-background-meta":{"desktop":{"background-color":"var(--ast-global-color-5)","background-image":"","background-repeat":"repeat","background-position":"center center","background-size":"auto","background-attachment":"scroll","background-type":"","background-media":"","overlay-type":"","overlay-color":"","overlay-opacity":"","overlay-gradient":""},"tablet":{"background-color":"var(--ast-global-color-5)","background-image":"","background-repeat":"repeat","background-position":"center center","background-size":"auto","background-attachment":"scroll","background-type":"","background-media":"","overlay-type":"","overlay-color":"","overlay-opacity":"","overlay-gradient":""},"mobile":{"background-color":"var(--ast-global-color-5)","background-image":"","background-repeat":"repeat","background-position":"center center","background-size":"auto","background-attachment":"scroll","background-type":"","background-media":"","overlay-type":"","overlay-color":"","overlay-opacity":"","overlay-gradient":""}},"footnotes":""},"class_list":["post-1243","page","type-page","status-publish","hentry"],"yoast_head":"<!-- This site is optimized with the Yoast SEO plugin v27.5 - https:\/\/yoast.com\/product\/yoast-seo-wordpress\/ -->\n<title>abc - Abc Etiquetaje<\/title>\n<meta name=\"robots\" content=\"index, follow, max-snippet:-1, max-image-preview:large, max-video-preview:-1\" \/>\n<link rel=\"canonical\" href=\"https:\/\/abc-etiquetaje.com\/en\/contruccion\/\" \/>\n<meta property=\"og:locale\" content=\"en_GB\" \/>\n<meta property=\"og:type\" content=\"article\" \/>\n<meta property=\"og:title\" content=\"abc - Abc Etiquetaje\" \/>\n<meta property=\"og:description\" content=\"Abc Etiquetaje \u00a1Estamos trabajando para ti! Actualizaci\u00f3n de nuestra web. En breve estaremos online de nuevo. Mientras tanto, puedes contactarnos o seguir nuestras novedades aqu\u00ed: Correo electr\u00f3nico: info@abc-etiquetaje.com Tel\u00e9fono: 91 279 52 08\" \/>\n<meta property=\"og:url\" content=\"https:\/\/abc-etiquetaje.com\/en\/contruccion\/\" \/>\n<meta property=\"og:site_name\" content=\"Abc Etiquetaje\" \/>\n<meta property=\"article:modified_time\" content=\"2025-12-02T21:36:06+00:00\" \/>\n<meta property=\"og:image\" content=\"https:\/\/abc-etiquetaje.com\/wp-content\/uploads\/2025\/12\/abcetiquetaje-en-construccion.jpg\" \/>\n<meta name=\"twitter:card\" content=\"summary_large_image\" \/>\n<script type=\"application\/ld+json\" class=\"yoast-schema-graph\">{\"@context\":\"https:\\\/\\\/schema.org\",\"@graph\":[{\"@type\":\"WebPage\",\"@id\":\"https:\\\/\\\/abc-etiquetaje.com\\\/contruccion\\\/\",\"url\":\"https:\\\/\\\/abc-etiquetaje.com\\\/contruccion\\\/\",\"name\":\"abc - Abc Etiquetaje\",\"isPartOf\":{\"@id\":\"https:\\\/\\\/abc-etiquetaje.com\\\/#website\"},\"primaryImageOfPage\":{\"@id\":\"https:\\\/\\\/abc-etiquetaje.com\\\/contruccion\\\/#primaryimage\"},\"image\":{\"@id\":\"https:\\\/\\\/abc-etiquetaje.com\\\/contruccion\\\/#primaryimage\"},\"thumbnailUrl\":\"https:\\\/\\\/abc-etiquetaje.com\\\/wp-content\\\/uploads\\\/2025\\\/12\\\/abcetiquetaje-en-construccion.jpg\",\"datePublished\":\"2025-12-01T18:43:37+00:00\",\"dateModified\":\"2025-12-02T21:36:06+00:00\",\"breadcrumb\":{\"@id\":\"https:\\\/\\\/abc-etiquetaje.com\\\/contruccion\\\/#breadcrumb\"},\"inLanguage\":\"en-GB\",\"potentialAction\":[{\"@type\":\"ReadAction\",\"target\":[\"https:\\\/\\\/abc-etiquetaje.com\\\/contruccion\\\/\"]}]},{\"@type\":\"ImageObject\",\"inLanguage\":\"en-GB\",\"@id\":\"https:\\\/\\\/abc-etiquetaje.com\\\/contruccion\\\/#primaryimage\",\"url\":\"https:\\\/\\\/abc-etiquetaje.com\\\/wp-content\\\/uploads\\\/2025\\\/12\\\/abcetiquetaje-en-construccion.jpg\",\"contentUrl\":\"https:\\\/\\\/abc-etiquetaje.com\\\/wp-content\\\/uploads\\\/2025\\\/12\\\/abcetiquetaje-en-construccion.jpg\"},{\"@type\":\"BreadcrumbList\",\"@id\":\"https:\\\/\\\/abc-etiquetaje.com\\\/contruccion\\\/#breadcrumb\",\"itemListElement\":[{\"@type\":\"ListItem\",\"position\":1,\"name\":\"Portada\",\"item\":\"https:\\\/\\\/abc-etiquetaje.com\\\/\"},{\"@type\":\"ListItem\",\"position\":2,\"name\":\"abc\"}]},{\"@type\":\"WebSite\",\"@id\":\"https:\\\/\\\/abc-etiquetaje.com\\\/#website\",\"url\":\"https:\\\/\\\/abc-etiquetaje.com\\\/\",\"name\":\"Abc Etiquetaje\",\"description\":\"Pulseras Hospitales\",\"publisher\":{\"@id\":\"https:\\\/\\\/abc-etiquetaje.com\\\/#organization\"},\"potentialAction\":[{\"@type\":\"SearchAction\",\"target\":{\"@type\":\"EntryPoint\",\"urlTemplate\":\"https:\\\/\\\/abc-etiquetaje.com\\\/?s={search_term_string}\"},\"query-input\":{\"@type\":\"PropertyValueSpecification\",\"valueRequired\":true,\"valueName\":\"search_term_string\"}}],\"inLanguage\":\"en-GB\"},{\"@type\":\"Organization\",\"@id\":\"https:\\\/\\\/abc-etiquetaje.com\\\/#organization\",\"name\":\"Abc Etiquetaje\",\"url\":\"https:\\\/\\\/abc-etiquetaje.com\\\/\",\"logo\":{\"@type\":\"ImageObject\",\"inLanguage\":\"en-GB\",\"@id\":\"https:\\\/\\\/abc-etiquetaje.com\\\/#\\\/schema\\\/logo\\\/image\\\/\",\"url\":\"https:\\\/\\\/abc-etiquetaje.com\\\/wp-content\\\/uploads\\\/2025\\\/12\\\/Abc-Etiquetaje-Logotipo-200x100-PNG.png\",\"contentUrl\":\"https:\\\/\\\/abc-etiquetaje.com\\\/wp-content\\\/uploads\\\/2025\\\/12\\\/Abc-Etiquetaje-Logotipo-200x100-PNG.png\",\"width\":200,\"height\":100,\"caption\":\"Abc Etiquetaje\"},\"image\":{\"@id\":\"https:\\\/\\\/abc-etiquetaje.com\\\/#\\\/schema\\\/logo\\\/image\\\/\"}}]}<\/script>\n<!-- \/ Yoast SEO plugin. -->","yoast_head_json":{"title":"abc - Abc Etiquetaje","robots":{"index":"index","follow":"follow","max-snippet":"max-snippet:-1","max-image-preview":"max-image-preview:large","max-video-preview":"max-video-preview:-1"},"canonical":"https:\/\/abc-etiquetaje.com\/en\/contruccion\/","og_locale":"en_GB","og_type":"article","og_title":"abc - Abc Etiquetaje","og_description":"Abc Etiquetaje \u00a1Estamos trabajando para ti! Actualizaci\u00f3n de nuestra web. En breve estaremos online de nuevo. Mientras tanto, puedes contactarnos o seguir nuestras novedades aqu\u00ed: Correo electr\u00f3nico: info@abc-etiquetaje.com Tel\u00e9fono: 91 279 52 08","og_url":"https:\/\/abc-etiquetaje.com\/en\/contruccion\/","og_site_name":"Abc Etiquetaje","article_modified_time":"2025-12-02T21:36:06+00:00","og_image":[{"url":"https:\/\/abc-etiquetaje.com\/wp-content\/uploads\/2025\/12\/abcetiquetaje-en-construccion.jpg","type":"","width":"","height":""}],"twitter_card":"summary_large_image","schema":{"@context":"https:\/\/schema.org","@graph":[{"@type":"WebPage","@id":"https:\/\/abc-etiquetaje.com\/contruccion\/","url":"https:\/\/abc-etiquetaje.com\/contruccion\/","name":"abc - Abc Etiquetaje","isPartOf":{"@id":"https:\/\/abc-etiquetaje.com\/#website"},"primaryImageOfPage":{"@id":"https:\/\/abc-etiquetaje.com\/contruccion\/#primaryimage"},"image":{"@id":"https:\/\/abc-etiquetaje.com\/contruccion\/#primaryimage"},"thumbnailUrl":"https:\/\/abc-etiquetaje.com\/wp-content\/uploads\/2025\/12\/abcetiquetaje-en-construccion.jpg","datePublished":"2025-12-01T18:43:37+00:00","dateModified":"2025-12-02T21:36:06+00:00","breadcrumb":{"@id":"https:\/\/abc-etiquetaje.com\/contruccion\/#breadcrumb"},"inLanguage":"en-GB","potentialAction":[{"@type":"ReadAction","target":["https:\/\/abc-etiquetaje.com\/contruccion\/"]}]},{"@type":"ImageObject","inLanguage":"en-GB","@id":"https:\/\/abc-etiquetaje.com\/contruccion\/#primaryimage","url":"https:\/\/abc-etiquetaje.com\/wp-content\/uploads\/2025\/12\/abcetiquetaje-en-construccion.jpg","contentUrl":"https:\/\/abc-etiquetaje.com\/wp-content\/uploads\/2025\/12\/abcetiquetaje-en-construccion.jpg"},{"@type":"BreadcrumbList","@id":"https:\/\/abc-etiquetaje.com\/contruccion\/#breadcrumb","itemListElement":[{"@type":"ListItem","position":1,"name":"Portada","item":"https:\/\/abc-etiquetaje.com\/"},{"@type":"ListItem","position":2,"name":"abc"}]},{"@type":"WebSite","@id":"https:\/\/abc-etiquetaje.com\/#website","url":"https:\/\/abc-etiquetaje.com\/","name":"Abc Etiquetaje","description":"Pulseras Hospitales","publisher":{"@id":"https:\/\/abc-etiquetaje.com\/#organization"},"potentialAction":[{"@type":"SearchAction","target":{"@type":"EntryPoint","urlTemplate":"https:\/\/abc-etiquetaje.com\/?s={search_term_string}"},"query-input":{"@type":"PropertyValueSpecification","valueRequired":true,"valueName":"search_term_string"}}],"inLanguage":"en-GB"},{"@type":"Organization","@id":"https:\/\/abc-etiquetaje.com\/#organization","name":"Abc Etiquetaje","url":"https:\/\/abc-etiquetaje.com\/","logo":{"@type":"ImageObject","inLanguage":"en-GB","@id":"https:\/\/abc-etiquetaje.com\/#\/schema\/logo\/image\/","url":"https:\/\/abc-etiquetaje.com\/wp-content\/uploads\/2025\/12\/Abc-Etiquetaje-Logotipo-200x100-PNG.png","contentUrl":"https:\/\/abc-etiquetaje.com\/wp-content\/uploads\/2025\/12\/Abc-Etiquetaje-Logotipo-200x100-PNG.png","width":200,"height":100,"caption":"Abc Etiquetaje"},"image":{"@id":"https:\/\/abc-etiquetaje.com\/#\/schema\/logo\/image\/"}}]}},"_links":{"self":[{"href":"https:\/\/abc-etiquetaje.com\/en\/wp-json\/wp\/v2\/pages\/1243","targetHints":{"allow":["GET"]}}],"collection":[{"href":"https:\/\/abc-etiquetaje.com\/en\/wp-json\/wp\/v2\/pages"}],"about":[{"href":"https:\/\/abc-etiquetaje.com\/en\/wp-json\/wp\/v2\/types\/page"}],"author":[{"embeddable":true,"href":"https:\/\/abc-etiquetaje.com\/en\/wp-json\/wp\/v2\/users\/1"}],"replies":[{"embeddable":true,"href":"https:\/\/abc-etiquetaje.com\/en\/wp-json\/wp\/v2\/comments?post=1243"}],"version-history":[{"count":14,"href":"https:\/\/abc-etiquetaje.com\/en\/wp-json\/wp\/v2\/pages\/1243\/revisions"}],"predecessor-version":[{"id":1829,"href":"https:\/\/abc-etiquetaje.com\/en\/wp-json\/wp\/v2\/pages\/1243\/revisions\/1829"}],"wp:attachment":[{"href":"https:\/\/abc-etiquetaje.com\/en\/wp-json\/wp\/v2\/media?parent=1243"}],"curies":[{"name":"wp","href":"https:\/\/api.w.org\/{rel}","templated":true}]}}